{"id":5983,"date":"2023-11-23T19:14:22","date_gmt":"2023-11-23T11:14:22","guid":{"rendered":"https:\/\/alnawawi.org.my\/apr\/?page_id=5983"},"modified":"2024-01-20T12:47:38","modified_gmt":"2024-01-20T04:47:38","slug":"certificate-islamic-studies-2024","status":"publish","type":"page","link":"https:\/\/alnawawi.org.my\/apr\/certificate-islamic-studies-2024\/","title":{"rendered":"Certificate of Islamic Studies"},"content":{"rendered":"\n\n\n\n\n<h2>Certificate in Islamic Studies<\/h2>\n\n\n<p style=\"color: rgb(0, 0, 0);\"><b>(Foundation)<\/b><\/p>\n\n\n\n\n\n\n<p><span style=\"color: rgb(0, 0, 0);\">With&nbsp;&nbsp;<strong>Sheikh Dr Shuayb Wani<\/strong><\/span><\/p><p><span style=\"color: rgb(0, 0, 0);\">Start: <strong>8<sup>th<\/sup>&nbsp;January 2024<\/strong><\/span><\/p><p><span style=\"color: rgb(0, 0, 0);\">Time : <strong>Mondays,&nbsp; Tuesdays,&nbsp; Thursdays . 9 pm (GMT +8)<\/strong><\/span><\/p>\n\n\n<p><span><strong style=\"color: rgb(0, 0, 0);\">Online Classes<\/strong><\/span><\/p>\n\n\n<p><span\u00a0style=\"color: rgb(0,=\"\" 0,=\"\" 0);\"=\"\"><strong><\/strong><\/span\u00a0style=\"color:><\/p>\n\n<p style=\"color: rgb(0, 0, 0);\">The Certificate in Islamic Studies covers 6 basic subjects of Islamic knowledge. The selected texts are unique and rich in content. After the completion of the course, the student is expected to understand the basic principles and etiquettes of Isl\u0101mic knowledge.<\/p>\n\n<p><strong style=\"color: rgb(0, 0, 0);\">Course Curriculum Subjects<\/strong><br><\/p>\n\n\n\n<font color=\"#000000\">\u2018Aq\u012bdah: Umm al-Bar\u0101h\u012bn\/al-Im\u0101m Al-Sann\u016bs\u012b. <br><\/font><p class=\"MsoNormal\"><span style=\"color:#000000;\">This text covers the basic Aq\u012bdah with rational evidences\nand the discussion about polemics between muslim sects. Al-Im\u0101m al-Sann\u016bs\u012b is\nconsidered a master of Islamic theology and his works serve as the foundations\nin this field.<\/span><o:p><\/o:p><\/p>\n\n\n<font color=\"#000000\">Ul\u016bm al-Qur\u2018\u0101n: Jaw\u0101hir al-Qur\u2018\u0101n\/al-Im\u0101m al-Ghaz\u0101l\u012b.&nbsp;<br><\/font><span style=\"color:#000000;\">This text covers gems and principles of understanding the\nbook of All\u0101h. Complied in a unique manner by the greatest polymath of Muslim\nintellectual history: al-Im\u0101m al-Ghaz\u0101l\u012b.<\/span><p class=\"MsoNormal\"><o:p><\/o:p><\/p>\n\n\n<font color=\"#000000\">Had\u012bth: Concise Bukh\u0101r\u012b\/al-Im\u0101m ibn Ab\u012b Jamrah.&nbsp;<br><\/font><span style=\"color:#000000;\">Concise Bukh\u0101r\u012b covers 296 Ah\u0101d\u012bth from Sah\u012bh al-Bukh\u0101r\u012b.\nReading with basic interpretation will be undertaken. al-Im\u0101m ibn Ab\u012b Jamrah is\none of the authorities on Had\u012bth and Tasswuf.<\/span><p class=\"MsoNormal\"><o:p><\/o:p><\/p>\n\n\n<font color=\"#000000\">Akhlaq: Ris\u0101lah al-Akhl\u0101q\/al-Im\u0101m al-\u2019\u012aj\u012b.&nbsp; <br>This brief treatise on Ethics by al-Im\u0101m \u2018Adud al-D\u012bn al-\u2019\u012aj\u012b, another great muslim theologian, serves as a foundation in this field. It covers the principles of ethics and the method of achieving self discipline.<\/font>\n\n<font color=\"#000000\">Adab of Seeking Knowledge: Ta\u2018l\u012bm al-Muta\u2018allim\/al-Im\u0101m al-Zarn\u016bj\u012b. <br>This basic text in etiquettes of seeking knowledge is the first stop for every genuine and sincere seeker. It covers the basic \u0101d\u0101b to enter and tread this divine path of knowledge.<\/font>\n<font color=\"#000000\">Fiqh: Matn al-G\u0101yah wa al-Taqr\u012bb\/al-Im\u0101m Ab\u016b Shuj\u0101\u2018. <br>This is a standard beginners text in the \u2018ilm of Fiqh according to the Sh\u0101f\u2018\u012b madhab. It covers all important chapters of \u2018Ib\u0101d\u0101t and Mu\u2018\u0101mal\u0101t. Reading with brief explanation of the text will be undertaken in this subject.<\/font>\n\n<p style=\"color: rgb(0, 0, 0);\">The 6 months course is divided into Part 1 &amp; Part 2<\/p>\n<p style=\"color: rgb(0, 0, 0);\">Part &#8211; I (3 months): <br>\nMonday: Aqidah<br>\nTuesday: Ul\u016bm al-Qur\u2019\u0101n.<br>\nThursday: \u0100d\u0101b of seeking knowledge.<br>\n<br>\nPart &#8211; II (3 months) :<br>\nMonday: Had\u012bth.<br>\nTuesday: Fiqh.<br>\nThursday: Akhl\u0101q.<\/p>\n\n<p style=\"margin: 0px; padding: 0px; overflow-wrap: break-word; color: rgb(93, 93, 93); font-family: Lato, sans-serif; font-size: 18px;\"><span style=\"background-color: transparent; padding: 0px; margin: 0px; overflow-wrap: break-word; color: rgb(0, 0, 0);\">For further information please contact us at&nbsp;&nbsp;<\/span><strong style=\"background-color: transparent; font-weight: bold; color: rgb(0, 0, 0); padding: 0px; margin: 0px; overflow-wrap: break-word;\">+60146989214<\/strong><span style=\"background-color: transparent; color: rgb(0, 0, 0);\">&nbsp; or email to&nbsp;<\/span><strong style=\"background-color: transparent; font-weight: bold; color: rgb(0, 0, 0); padding: 0px; margin: 0px; overflow-wrap: break-word;\">info.alnawawi@gmail.com<\/strong><span style=\"background-color: transparent; color: rgb(0, 0, 0);\">&nbsp;<br><\/span><\/p>\n\n\n\n\n\n\n<p>\n<span style=\"color:#000000;\"><strong><u>Course Fee \n<\/u><\/strong><br><strong><em><br><u>\nNormal Rate<\/u><\/em><\/strong><br>\nMonthly fee : RM130<br>\nOr<br>\nFull course fee : RM600<br>\n<br><strong><em><u>\n Student Rate<\/u><\/em><\/strong><br>\nMonthly fee : RM80<br>\nOr<br>\nFull course fee : RM400<br>\n<br>\nWalk in fee : RM20 per entry\n(No certificate at the end of course )\n<br><em>\n*Free for new muslim and non muslim<\/em><\/span>\n<\/p>\n\n\n","protected":false},"excerpt":{"rendered":"","protected":false},"author":1,"featured_media":5985,"parent":0,"menu_order":0,"comment_status":"closed","ping_status":"closed","template":"","meta":{"pagelayer_contact_templates":[],"_pagelayer_content":"","footnotes":""},"class_list":["post-5983","page","type-page","status-publish","has-post-thumbnail","hentry"],"_links":{"self":[{"href":"https:\/\/alnawawi.org.my\/apr\/wp-json\/wp\/v2\/pages\/5983","targetHints":{"allow":["GET"]}}],"collection":[{"href":"https:\/\/alnawawi.org.my\/apr\/wp-json\/wp\/v2\/pages"}],"about":[{"href":"https:\/\/alnawawi.org.my\/apr\/wp-json\/wp\/v2\/types\/page"}],"author":[{"embeddable":true,"href":"https:\/\/alnawawi.org.my\/apr\/wp-json\/wp\/v2\/users\/1"}],"replies":[{"embeddable":true,"href":"https:\/\/alnawawi.org.my\/apr\/wp-json\/wp\/v2\/comments?post=5983"}],"version-history":[{"count":14,"href":"https:\/\/alnawawi.org.my\/apr\/wp-json\/wp\/v2\/pages\/5983\/revisions"}],"predecessor-version":[{"id":6083,"href":"https:\/\/alnawawi.org.my\/apr\/wp-json\/wp\/v2\/pages\/5983\/revisions\/6083"}],"wp:featuredmedia":[{"embeddable":true,"href":"https:\/\/alnawawi.org.my\/apr\/wp-json\/wp\/v2\/media\/5985"}],"wp:attachment":[{"href":"https:\/\/alnawawi.org.my\/apr\/wp-json\/wp\/v2\/media?parent=5983"}],"curies":[{"name":"wp","href":"https:\/\/api.w.org\/{rel}","templated":true}]}}